{"id":98417,"date":"2024-01-25T11:29:57","date_gmt":"2024-01-25T11:29:57","guid":{"rendered":"https:\/\/bikefit.lu\/product\/ergotec-pedallspacer-18mm\/"},"modified":"2024-01-25T11:29:57","modified_gmt":"2024-01-25T10:29:57","slug":"ergotec-pedallspacer-18mm","status":"publish","type":"product","link":"https:\/\/bikefit.lu\/lb-lu\/product\/ergotec-pedallspacer-18mm\/","title":{"rendered":"ergotec Pedallspacer 18mm"},"content":{"rendered":"<hr>\n<h3>Produkteegenschaften &#8211; Ergotec Pedallspacer 18 mm<\/h3>\n<ul>\n<li><strong>Gr\u00e9isst: <\/strong>18 mm<\/li>\n<li><strong>Gew\u00ebnn: <\/strong>9\/16&#8243;<\/li>\n<\/ul>\n<h3>Material<\/h3>\n<ul>\n<li>Inox<\/li>\n<\/ul>\n<h3>Faarf<\/h3>\n<ul>\n<li>schwaarz<\/li>\n<\/ul>\n<h3>Gewiicht<\/h3>\n<ul>\n<li>ongef\u00e9ier 78 g<\/li>\n<\/ul>\n<hr>\n<h3>An der Verpackung<\/h3>\n<ul>\n<li>1 Puer Ergotec 18 mm Pedallspacer<\/li>\n<\/ul>\n","protected":false},"excerpt":{"rendered":"<p>D&#8217;Ergotec Pedalspacer verl\u00e4ngeren de Q-Faktor (d&#8217;Distanz t\u00ebscht den zwou Pedallen) \u00ebm 18 mm.<\/p>\n<p>Opgepasst: D\u00ebs Pedallspacer funktion\u00e9iere NET mat Pedallen d\u00e9i keng Schl\u00ebsselfl\u00e4chen hunn (Pedalle gi mat engem 6 oder 8mm Allen Schl\u00ebssel mont\u00e9iert). Dir k\u00ebinnt se mont\u00e9ieren awer Dir k\u00ebnnt se net m\u00e9i vun de Pedallen erofhuelen.<\/p>\n<p><em>Net geduecht fir ze benotze mat Carbon-Manivellen.<\/em><\/p>\n","protected":false},"featured_media":77274,"comment_status":"closed","ping_status":"closed","template":"","meta":[],"product_brand":[],"product_cat":[4781,4832],"product_tag":[5206,5069,5111,5126,5181,5180,5195],"class_list":{"0":"post-98417","1":"product","2":"type-product","3":"status-publish","4":"has-post-thumbnail","6":"product_cat-hardware-lb-lu","7":"product_cat-foot-pedal-interface-lb-lu","8":"product_tag-ergotec-lb-lu","9":"product_tag-foot-pedal-interface-lb-lu","10":"product_tag-offroad-lb-lu","11":"product_tag-road-lb-lu","12":"product_tag-triathlon-lb-lu","13":"product_tag-ultra-cycling-lb-lu","14":"product_tag-zaitfueren","15":"product_shipping_class-small-items-lb-lu","17":"first","18":"instock","19":"taxable","20":"shipping-taxable","21":"purchasable","22":"product-type-simple"},"yoast_head":"<!-- This site is optimized with the Yoast SEO Premium plugin v27.3 (Yoast SEO v27.3) - https:\/\/yoast.com\/product\/yoast-seo-premium-wordpress\/ -->\n<title>ergotec Pedallspacer 18mm - bikefit.lu<\/title>\n<meta name=\"robots\" content=\"index, follow, max-snippet:-1, max-image-preview:large, max-video-preview:-1\" \/>\n<link rel=\"canonical\" href=\"https:\/\/bikefit.lu\/lb-lu\/product\/ergotec-pedallspacer-18mm\/\" \/>\n<meta property=\"og:locale\" content=\"en_US\" \/>\n<meta property=\"og:type\" content=\"article\" \/>\n<meta property=\"og:title\" content=\"ergotec Pedallspacer 18mm\" \/>\n<meta property=\"og:description\" content=\"D&#039;Ergotec Pedalspacer verl\u00e4ngeren de Q-Faktor (d&#039;Distanz t\u00ebscht den zwou Pedallen) \u00ebm 18 mm. Opgepasst: D\u00ebs Pedallspacer funktion\u00e9iere NET mat Pedallen d\u00e9i keng Schl\u00ebsselfl\u00e4chen hunn (Pedalle gi mat engem 6 oder 8mm Allen Schl\u00ebssel mont\u00e9iert). Dir k\u00ebinnt se mont\u00e9ieren awer Dir k\u00ebnnt se net m\u00e9i vun de Pedallen erofhuelen. Net geduecht fir ze benotze mat Carbon-Manivellen.\" \/>\n<meta property=\"og:url\" content=\"https:\/\/bikefit.lu\/lb-lu\/product\/ergotec-pedallspacer-18mm\/\" \/>\n<meta property=\"og:site_name\" content=\"bikefit.lu\" \/>\n<meta property=\"og:image\" content=\"https:\/\/bikefit.lu\/wp-content\/uploads\/2024\/01\/Ergotec.jpg\" \/>\n\t<meta property=\"og:image:width\" content=\"800\" \/>\n\t<meta property=\"og:image:height\" content=\"800\" \/>\n\t<meta property=\"og:image:type\" content=\"image\/jpeg\" \/>\n<meta name=\"twitter:card\" content=\"summary_large_image\" \/>\n<meta name=\"twitter:label1\" content=\"Price\" \/>\n\t<meta name=\"twitter:data1\" content=\"47,00&nbsp;&euro;\" \/>\n\t<meta name=\"twitter:label2\" content=\"Availability\" \/>\n\t<meta name=\"twitter:data2\" content=\"In stock\" \/>\n<script type=\"application\/ld+json\" class=\"yoast-schema-graph\">{\"@context\":\"https:\\\/\\\/schema.org\",\"@graph\":[{\"@type\":\"WebPage\",\"@id\":\"https:\\\/\\\/bikefit.lu\\\/lb-lu\\\/product\\\/ergotec-pedallspacer-18mm\\\/\",\"url\":\"https:\\\/\\\/bikefit.lu\\\/lb-lu\\\/product\\\/ergotec-pedallspacer-18mm\\\/\",\"name\":\"ergotec Pedallspacer 18mm - bikefit.lu\",\"isPartOf\":{\"@id\":\"https:\\\/\\\/bikefit.lu\\\/lb-lu\\\/#website\"},\"primaryImageOfPage\":{\"@id\":\"https:\\\/\\\/bikefit.lu\\\/lb-lu\\\/product\\\/ergotec-pedallspacer-18mm\\\/#primaryimage\"},\"image\":{\"@id\":\"https:\\\/\\\/bikefit.lu\\\/lb-lu\\\/product\\\/ergotec-pedallspacer-18mm\\\/#primaryimage\"},\"thumbnailUrl\":\"https:\\\/\\\/bikefit.lu\\\/wp-content\\\/uploads\\\/2024\\\/01\\\/Ergotec.jpg\",\"datePublished\":\"2024-01-25T11:29:57+00:00\",\"breadcrumb\":{\"@id\":\"https:\\\/\\\/bikefit.lu\\\/lb-lu\\\/product\\\/ergotec-pedallspacer-18mm\\\/#breadcrumb\"},\"inLanguage\":\"lb-LU\",\"potentialAction\":[{\"@type\":\"ReadAction\",\"target\":[\"https:\\\/\\\/bikefit.lu\\\/lb-lu\\\/product\\\/ergotec-pedallspacer-18mm\\\/\"]}]},{\"@type\":\"ImageObject\",\"inLanguage\":\"lb-LU\",\"@id\":\"https:\\\/\\\/bikefit.lu\\\/lb-lu\\\/product\\\/ergotec-pedallspacer-18mm\\\/#primaryimage\",\"url\":\"https:\\\/\\\/bikefit.lu\\\/wp-content\\\/uploads\\\/2024\\\/01\\\/Ergotec.jpg\",\"contentUrl\":\"https:\\\/\\\/bikefit.lu\\\/wp-content\\\/uploads\\\/2024\\\/01\\\/Ergotec.jpg\",\"width\":800,\"height\":800},{\"@type\":\"BreadcrumbList\",\"@id\":\"https:\\\/\\\/bikefit.lu\\\/lb-lu\\\/product\\\/ergotec-pedallspacer-18mm\\\/#breadcrumb\",\"itemListElement\":[{\"@type\":\"ListItem\",\"position\":1,\"name\":\"Home\",\"item\":\"https:\\\/\\\/bikefit.lu\\\/lb-lu\\\/\"},{\"@type\":\"ListItem\",\"position\":2,\"name\":\"Products\",\"item\":\"https:\\\/\\\/bikefit.lu\\\/lb-lu\\\/shop\\\/\"},{\"@type\":\"ListItem\",\"position\":3,\"name\":\"ergotec Pedallspacer 18mm\"}]},{\"@type\":\"WebSite\",\"@id\":\"https:\\\/\\\/bikefit.lu\\\/lb-lu\\\/#website\",\"url\":\"https:\\\/\\\/bikefit.lu\\\/lb-lu\\\/\",\"name\":\"bikefit.lu\",\"description\":\"IMPROVING CYCLING\",\"publisher\":{\"@id\":\"https:\\\/\\\/bikefit.lu\\\/lb-lu\\\/#\\\/schema\\\/person\\\/379af1263474d2f8cd1f41c2bd90273d\"},\"potentialAction\":[{\"@type\":\"SearchAction\",\"target\":{\"@type\":\"EntryPoint\",\"urlTemplate\":\"https:\\\/\\\/bikefit.lu\\\/lb-lu\\\/?s={search_term_string}\"},\"query-input\":{\"@type\":\"PropertyValueSpecification\",\"valueRequired\":true,\"valueName\":\"search_term_string\"}}],\"inLanguage\":\"lb-LU\"},{\"@type\":[\"Person\",\"Organization\"],\"@id\":\"https:\\\/\\\/bikefit.lu\\\/lb-lu\\\/#\\\/schema\\\/person\\\/379af1263474d2f8cd1f41c2bd90273d\",\"name\":\"Patrick Guillaume\",\"image\":{\"@type\":\"ImageObject\",\"inLanguage\":\"lb-LU\",\"@id\":\"https:\\\/\\\/bikefit.lu\\\/wp-content\\\/uploads\\\/2024\\\/12\\\/cropped-bikefit-logoURL-RGB-jpg.jpg\",\"url\":\"https:\\\/\\\/bikefit.lu\\\/wp-content\\\/uploads\\\/2024\\\/12\\\/cropped-bikefit-logoURL-RGB-jpg.jpg\",\"contentUrl\":\"https:\\\/\\\/bikefit.lu\\\/wp-content\\\/uploads\\\/2024\\\/12\\\/cropped-bikefit-logoURL-RGB-jpg.jpg\",\"width\":512,\"height\":512,\"caption\":\"Patrick Guillaume\"},\"logo\":{\"@id\":\"https:\\\/\\\/bikefit.lu\\\/wp-content\\\/uploads\\\/2024\\\/12\\\/cropped-bikefit-logoURL-RGB-jpg.jpg\"},\"sameAs\":[\"https:\\\/\\\/bikefit.lu\"],\"honorificPrefix\":\"Mr\",\"birthDate\":\"1966-11-18\",\"gender\":\"male\",\"knowsAbout\":[\"Bike-fitting\"],\"knowsLanguage\":[\"English\",\"French\",\"German\",\"Luxembourgish\"]}]}<\/script>\n<meta property=\"product:price:amount\" content=\"47.00\" \/>\n<meta property=\"product:price:currency\" content=\"EUR\" \/>\n<meta property=\"og:availability\" content=\"instock\" \/>\n<meta property=\"product:availability\" content=\"instock\" \/>\n<meta property=\"product:condition\" content=\"new\" \/>\n<!-- \/ Yoast SEO Premium plugin. -->","yoast_head_json":{"title":"ergotec Pedallspacer 18mm - bikefit.lu","robots":{"index":"index","follow":"follow","max-snippet":"max-snippet:-1","max-image-preview":"max-image-preview:large","max-video-preview":"max-video-preview:-1"},"canonical":"https:\/\/bikefit.lu\/lb-lu\/product\/ergotec-pedallspacer-18mm\/","og_locale":"en_US","og_type":"article","og_title":"ergotec Pedallspacer 18mm","og_description":"D'Ergotec Pedalspacer verl\u00e4ngeren de Q-Faktor (d'Distanz t\u00ebscht den zwou Pedallen) \u00ebm 18 mm. Opgepasst: D\u00ebs Pedallspacer funktion\u00e9iere NET mat Pedallen d\u00e9i keng Schl\u00ebsselfl\u00e4chen hunn (Pedalle gi mat engem 6 oder 8mm Allen Schl\u00ebssel mont\u00e9iert). Dir k\u00ebinnt se mont\u00e9ieren awer Dir k\u00ebnnt se net m\u00e9i vun de Pedallen erofhuelen. Net geduecht fir ze benotze mat Carbon-Manivellen.","og_url":"https:\/\/bikefit.lu\/lb-lu\/product\/ergotec-pedallspacer-18mm\/","og_site_name":"bikefit.lu","og_image":[{"width":800,"height":800,"url":"https:\/\/bikefit.lu\/wp-content\/uploads\/2024\/01\/Ergotec.jpg","type":"image\/jpeg"}],"twitter_card":"summary_large_image","twitter_misc":{"Price":"47,00&nbsp;&euro;","Availability":"In stock"},"schema":{"@context":"https:\/\/schema.org","@graph":[{"@type":"WebPage","@id":"https:\/\/bikefit.lu\/lb-lu\/product\/ergotec-pedallspacer-18mm\/","url":"https:\/\/bikefit.lu\/lb-lu\/product\/ergotec-pedallspacer-18mm\/","name":"ergotec Pedallspacer 18mm - bikefit.lu","isPartOf":{"@id":"https:\/\/bikefit.lu\/lb-lu\/#website"},"primaryImageOfPage":{"@id":"https:\/\/bikefit.lu\/lb-lu\/product\/ergotec-pedallspacer-18mm\/#primaryimage"},"image":{"@id":"https:\/\/bikefit.lu\/lb-lu\/product\/ergotec-pedallspacer-18mm\/#primaryimage"},"thumbnailUrl":"https:\/\/bikefit.lu\/wp-content\/uploads\/2024\/01\/Ergotec.jpg","datePublished":"2024-01-25T11:29:57+00:00","breadcrumb":{"@id":"https:\/\/bikefit.lu\/lb-lu\/product\/ergotec-pedallspacer-18mm\/#breadcrumb"},"inLanguage":"lb-LU","potentialAction":[{"@type":"ReadAction","target":["https:\/\/bikefit.lu\/lb-lu\/product\/ergotec-pedallspacer-18mm\/"]}]},{"@type":"ImageObject","inLanguage":"lb-LU","@id":"https:\/\/bikefit.lu\/lb-lu\/product\/ergotec-pedallspacer-18mm\/#primaryimage","url":"https:\/\/bikefit.lu\/wp-content\/uploads\/2024\/01\/Ergotec.jpg","contentUrl":"https:\/\/bikefit.lu\/wp-content\/uploads\/2024\/01\/Ergotec.jpg","width":800,"height":800},{"@type":"BreadcrumbList","@id":"https:\/\/bikefit.lu\/lb-lu\/product\/ergotec-pedallspacer-18mm\/#breadcrumb","itemListElement":[{"@type":"ListItem","position":1,"name":"Home","item":"https:\/\/bikefit.lu\/lb-lu\/"},{"@type":"ListItem","position":2,"name":"Products","item":"https:\/\/bikefit.lu\/lb-lu\/shop\/"},{"@type":"ListItem","position":3,"name":"ergotec Pedallspacer 18mm"}]},{"@type":"WebSite","@id":"https:\/\/bikefit.lu\/lb-lu\/#website","url":"https:\/\/bikefit.lu\/lb-lu\/","name":"bikefit.lu","description":"IMPROVING CYCLING","publisher":{"@id":"https:\/\/bikefit.lu\/lb-lu\/#\/schema\/person\/379af1263474d2f8cd1f41c2bd90273d"},"potentialAction":[{"@type":"SearchAction","target":{"@type":"EntryPoint","urlTemplate":"https:\/\/bikefit.lu\/lb-lu\/?s={search_term_string}"},"query-input":{"@type":"PropertyValueSpecification","valueRequired":true,"valueName":"search_term_string"}}],"inLanguage":"lb-LU"},{"@type":["Person","Organization"],"@id":"https:\/\/bikefit.lu\/lb-lu\/#\/schema\/person\/379af1263474d2f8cd1f41c2bd90273d","name":"Patrick Guillaume","image":{"@type":"ImageObject","inLanguage":"lb-LU","@id":"https:\/\/bikefit.lu\/wp-content\/uploads\/2024\/12\/cropped-bikefit-logoURL-RGB-jpg.jpg","url":"https:\/\/bikefit.lu\/wp-content\/uploads\/2024\/12\/cropped-bikefit-logoURL-RGB-jpg.jpg","contentUrl":"https:\/\/bikefit.lu\/wp-content\/uploads\/2024\/12\/cropped-bikefit-logoURL-RGB-jpg.jpg","width":512,"height":512,"caption":"Patrick Guillaume"},"logo":{"@id":"https:\/\/bikefit.lu\/wp-content\/uploads\/2024\/12\/cropped-bikefit-logoURL-RGB-jpg.jpg"},"sameAs":["https:\/\/bikefit.lu"],"honorificPrefix":"Mr","birthDate":"1966-11-18","gender":"male","knowsAbout":["Bike-fitting"],"knowsLanguage":["English","French","German","Luxembourgish"]}]},"product_price_amount":"47.00","product_price_currency":"EUR","og_availability":"instock","product_availability":"instock","product_condition":"new"},"_links":{"self":[{"href":"https:\/\/bikefit.lu\/lb-lu\/wp-json\/wp\/v2\/product\/98417","targetHints":{"allow":["GET"]}}],"collection":[{"href":"https:\/\/bikefit.lu\/lb-lu\/wp-json\/wp\/v2\/product"}],"about":[{"href":"https:\/\/bikefit.lu\/lb-lu\/wp-json\/wp\/v2\/types\/product"}],"replies":[{"embeddable":true,"href":"https:\/\/bikefit.lu\/lb-lu\/wp-json\/wp\/v2\/comments?post=98417"}],"version-history":[{"count":0,"href":"https:\/\/bikefit.lu\/lb-lu\/wp-json\/wp\/v2\/product\/98417\/revisions"}],"wp:featuredmedia":[{"embeddable":true,"href":"https:\/\/bikefit.lu\/lb-lu\/wp-json\/wp\/v2\/media\/77274"}],"wp:attachment":[{"href":"https:\/\/bikefit.lu\/lb-lu\/wp-json\/wp\/v2\/media?parent=98417"}],"wp:term":[{"taxonomy":"product_brand","embeddable":true,"href":"https:\/\/bikefit.lu\/lb-lu\/wp-json\/wp\/v2\/product_brand?post=98417"},{"taxonomy":"product_cat","embeddable":true,"href":"https:\/\/bikefit.lu\/lb-lu\/wp-json\/wp\/v2\/product_cat?post=98417"},{"taxonomy":"product_tag","embeddable":true,"href":"https:\/\/bikefit.lu\/lb-lu\/wp-json\/wp\/v2\/product_tag?post=98417"}],"curies":[{"name":"wp","href":"https:\/\/api.w.org\/{rel}","templated":true}]}}