{"id":98628,"date":"2026-01-30T09:14:33","date_gmt":"2026-01-30T08:14:33","guid":{"rendered":"https:\/\/bikefit.lu\/product\/bisaddle-health\/"},"modified":"2026-01-30T09:14:33","modified_gmt":"2026-01-30T08:14:33","slug":"bisaddle-health","status":"publish","type":"product","link":"https:\/\/bikefit.lu\/lb-lu\/product\/bisaddle-health\/","title":{"rendered":"BiSaddle Health+"},"content":{"rendered":"<h2>Specs:<\/h2>\n<ul>\n<li>Verstellbar Stolschinnen, extra robust<\/li>\n<li>H\u00ebnnescht Breet: 100 mm bis 240 mm<\/li>\n<li>Viischt Breet:<\/li>\n<li>L\u00e4ngt: 130 mm<\/li>\n<li>Gewiicht: 917 g<\/li>\n<li>Maximal Belaaschtung: bis 158 Kg<\/li>\n<li>Passform-Guide an Instruktiounen<\/li>\n<\/ul>\n","protected":false},"excerpt":{"rendered":"<h2>Haapteegenschaften:<\/h2>\n<ul>\n<li>Fir Leit mat gr\u00e9issere Gesondheetsproblemer<\/li>\n<li>Breetste verstellbare V\u00eblosuedel um March\u00e9<\/li>\n<li>Ergonomescht Design fir \u00c4r S\u00ebtzknachen<\/li>\n<li>Keen Drock am Perineumber\u00e4ich \u2013 dat heescht: ni m\u00e9i daaft Gefill an de Genitalien!<\/li>\n<li>Reduz\u00e9iert Belaaschtung fir den \u00ebnneschte R\u00e9ck, d\u2019H\u00ebften an d\u2019Kn\u00e9ien<\/li>\n<li>Eenzegaartegt \u201enoseless\u201c-Design \u00ebnnerst\u00ebtzt d&#8217;S\u00ebtzknachen a verbessert d\u2019Leeschtung duerch eng besser Blutzirkulatioun an de Been!<\/li>\n<li>Fir eng oprecht S\u00ebtzpositioun entw\u00e9ckelt<\/li>\n<\/ul>\n<p><strong>Virdeeler<\/strong><\/p>\n<ul>\n<li>Sortien ouni P\u00e9ng<\/li>\n<li>Hir Suedelen elimin\u00e9iere P\u00e9ng, erh\u00e9ijen de Confort a beuge genital Verletzunge vir<\/li>\n<li>H\u00eblleft Iech m\u00e9i w\u00e4it a m\u00e9i s\u00e9ier ze fueren<\/li>\n<\/ul>\n<p><strong>Eegenschaften<\/strong><\/p>\n<ul>\n<li>BiSaddle ass den eenzege verstellbare Suedel op der Welt (patent\u00e9iert) <strong>(PATENT\u00c9IERT)<\/strong><\/li>\n<li>Den Design mat getrennten Uewerfl\u00e4chen erlaabt Iech Breet, W\u00e9nkel a Profil un \u00c4r Anatomie unzepassen<\/li>\n<li>Wann \u00c4re Fuerstil oder \u00c4re Kierper sech \u00e4nnert, k\u00ebnnt Dir einfach nei upassen fir de beschte Confort<\/li>\n<li> All Deeler sinn ersetzbar, sou datt Bisaddle dee leschte Suedel ass, deen Dir br\u00e4ucht.<\/li>\n<\/ul>\n","protected":false},"featured_media":98602,"comment_status":"open","ping_status":"closed","template":"","meta":[],"product_brand":[5861],"product_cat":[4837,4775],"product_tag":[5126,5180],"class_list":{"0":"post-98628","1":"product","2":"type-product","3":"status-publish","4":"has-post-thumbnail","6":"product_brand-bisaddle","7":"product_cat-kontaktpunkt-becken-lb-lu","8":"product_cat-road-contact-point-pelvis-lb-lu","9":"product_tag-road-lb-lu","10":"product_tag-ultra-cycling-lb-lu","11":"product_shipping_class-large-items-lb-lu","13":"first","14":"instock","15":"taxable","16":"shipping-taxable","17":"purchasable","18":"product-type-simple"},"yoast_head":"<!-- This site is optimized with the Yoast SEO Premium plugin v27.3 (Yoast SEO v27.3) - https:\/\/yoast.com\/product\/yoast-seo-premium-wordpress\/ -->\n<title>BiSaddle Health+ - bikefit.lu<\/title>\n<meta name=\"robots\" content=\"index, follow, max-snippet:-1, max-image-preview:large, max-video-preview:-1\" \/>\n<link rel=\"canonical\" href=\"https:\/\/bikefit.lu\/lb-lu\/product\/bisaddle-health\/\" \/>\n<meta property=\"og:locale\" content=\"en_US\" \/>\n<meta property=\"og:type\" content=\"article\" \/>\n<meta property=\"og:title\" content=\"BiSaddle Health+\" \/>\n<meta property=\"og:description\" content=\"Haapteegenschaften:  Fir Leit mat gr\u00e9issere Gesondheetsproblemer  Breetste verstellbare V\u00eblosuedel um March\u00e9  Ergonomescht Design fir \u00c4r S\u00ebtzknachen  Keen Drock am Perineumber\u00e4ich \u2013 dat heescht: ni m\u00e9i daaft Gefill an de Genitalien!  Reduz\u00e9iert Belaaschtung fir den \u00ebnneschte R\u00e9ck, d\u2019H\u00ebften an d\u2019Kn\u00e9ien  Eenzegaartegt \u201enoseless\u201c-Design \u00ebnnerst\u00ebtzt d&#039;S\u00ebtzknachen a verbessert d\u2019Leeschtung duerch eng besser Blutzirkulatioun an de Been!  Fir eng oprecht S\u00ebtzpositioun entw\u00e9ckelt Virdeeler  Sortien ouni P\u00e9ng  Hir Suedelen elimin\u00e9iere P\u00e9ng, erh\u00e9ijen de Confort a beuge genital Verletzunge vir  H\u00eblleft Iech m\u00e9i w\u00e4it a m\u00e9i s\u00e9ier ze fueren Eegenschaften  BiSaddle ass den eenzege verstellbare Suedel op der Welt (patent\u00e9iert) (PATENT\u00c9IERT)  Den Design mat getrennten Uewerfl\u00e4chen erlaabt Iech Breet, W\u00e9nkel a Profil un \u00c4r Anatomie unzepassen  Wann \u00c4re Fuerstil oder \u00c4re Kierper sech \u00e4nnert, k\u00ebnnt Dir einfach nei upassen fir de beschte Confort  All Deeler sinn ersetzbar, sou datt Bisaddle dee leschte Suedel ass, deen Dir br\u00e4ucht.\" \/>\n<meta property=\"og:url\" content=\"https:\/\/bikefit.lu\/lb-lu\/product\/bisaddle-health\/\" \/>\n<meta property=\"og:site_name\" content=\"bikefit.lu\" \/>\n<meta property=\"og:image\" content=\"https:\/\/bikefit.lu\/wp-content\/uploads\/2026\/01\/right-profile.png\" \/>\n\t<meta property=\"og:image:width\" content=\"1536\" \/>\n\t<meta property=\"og:image:height\" content=\"1024\" \/>\n\t<meta property=\"og:image:type\" content=\"image\/png\" \/>\n<meta name=\"twitter:card\" content=\"summary_large_image\" \/>\n<meta name=\"twitter:label1\" content=\"Price\" \/>\n\t<meta name=\"twitter:data1\" content=\"219,00&nbsp;&euro;\" \/>\n\t<meta name=\"twitter:label2\" content=\"Availability\" \/>\n\t<meta name=\"twitter:data2\" content=\"In stock\" \/>\n<script type=\"application\/ld+json\" class=\"yoast-schema-graph\">{\"@context\":\"https:\\\/\\\/schema.org\",\"@graph\":[{\"@type\":\"WebPage\",\"@id\":\"https:\\\/\\\/bikefit.lu\\\/lb-lu\\\/product\\\/bisaddle-health\\\/\",\"url\":\"https:\\\/\\\/bikefit.lu\\\/lb-lu\\\/product\\\/bisaddle-health\\\/\",\"name\":\"BiSaddle Health+ - bikefit.lu\",\"isPartOf\":{\"@id\":\"https:\\\/\\\/bikefit.lu\\\/lb-lu\\\/#website\"},\"primaryImageOfPage\":{\"@id\":\"https:\\\/\\\/bikefit.lu\\\/lb-lu\\\/product\\\/bisaddle-health\\\/#primaryimage\"},\"image\":{\"@id\":\"https:\\\/\\\/bikefit.lu\\\/lb-lu\\\/product\\\/bisaddle-health\\\/#primaryimage\"},\"thumbnailUrl\":\"https:\\\/\\\/bikefit.lu\\\/wp-content\\\/uploads\\\/2026\\\/01\\\/right-profile.png\",\"datePublished\":\"2026-01-30T08:14:33+00:00\",\"breadcrumb\":{\"@id\":\"https:\\\/\\\/bikefit.lu\\\/lb-lu\\\/product\\\/bisaddle-health\\\/#breadcrumb\"},\"inLanguage\":\"lb-LU\",\"potentialAction\":[{\"@type\":\"ReadAction\",\"target\":[\"https:\\\/\\\/bikefit.lu\\\/lb-lu\\\/product\\\/bisaddle-health\\\/\"]}]},{\"@type\":\"ImageObject\",\"inLanguage\":\"lb-LU\",\"@id\":\"https:\\\/\\\/bikefit.lu\\\/lb-lu\\\/product\\\/bisaddle-health\\\/#primaryimage\",\"url\":\"https:\\\/\\\/bikefit.lu\\\/wp-content\\\/uploads\\\/2026\\\/01\\\/right-profile.png\",\"contentUrl\":\"https:\\\/\\\/bikefit.lu\\\/wp-content\\\/uploads\\\/2026\\\/01\\\/right-profile.png\",\"width\":1536,\"height\":1024},{\"@type\":\"BreadcrumbList\",\"@id\":\"https:\\\/\\\/bikefit.lu\\\/lb-lu\\\/product\\\/bisaddle-health\\\/#breadcrumb\",\"itemListElement\":[{\"@type\":\"ListItem\",\"position\":1,\"name\":\"Home\",\"item\":\"https:\\\/\\\/bikefit.lu\\\/lb-lu\\\/\"},{\"@type\":\"ListItem\",\"position\":2,\"name\":\"Products\",\"item\":\"https:\\\/\\\/bikefit.lu\\\/lb-lu\\\/shop\\\/\"},{\"@type\":\"ListItem\",\"position\":3,\"name\":\"BiSaddle Health+\"}]},{\"@type\":\"WebSite\",\"@id\":\"https:\\\/\\\/bikefit.lu\\\/lb-lu\\\/#website\",\"url\":\"https:\\\/\\\/bikefit.lu\\\/lb-lu\\\/\",\"name\":\"bikefit.lu\",\"description\":\"IMPROVING CYCLING\",\"publisher\":{\"@id\":\"https:\\\/\\\/bikefit.lu\\\/lb-lu\\\/#\\\/schema\\\/person\\\/379af1263474d2f8cd1f41c2bd90273d\"},\"potentialAction\":[{\"@type\":\"SearchAction\",\"target\":{\"@type\":\"EntryPoint\",\"urlTemplate\":\"https:\\\/\\\/bikefit.lu\\\/lb-lu\\\/?s={search_term_string}\"},\"query-input\":{\"@type\":\"PropertyValueSpecification\",\"valueRequired\":true,\"valueName\":\"search_term_string\"}}],\"inLanguage\":\"lb-LU\"},{\"@type\":[\"Person\",\"Organization\"],\"@id\":\"https:\\\/\\\/bikefit.lu\\\/lb-lu\\\/#\\\/schema\\\/person\\\/379af1263474d2f8cd1f41c2bd90273d\",\"name\":\"Patrick Guillaume\",\"image\":{\"@type\":\"ImageObject\",\"inLanguage\":\"lb-LU\",\"@id\":\"https:\\\/\\\/bikefit.lu\\\/wp-content\\\/uploads\\\/2024\\\/12\\\/cropped-bikefit-logoURL-RGB-jpg.jpg\",\"url\":\"https:\\\/\\\/bikefit.lu\\\/wp-content\\\/uploads\\\/2024\\\/12\\\/cropped-bikefit-logoURL-RGB-jpg.jpg\",\"contentUrl\":\"https:\\\/\\\/bikefit.lu\\\/wp-content\\\/uploads\\\/2024\\\/12\\\/cropped-bikefit-logoURL-RGB-jpg.jpg\",\"width\":512,\"height\":512,\"caption\":\"Patrick Guillaume\"},\"logo\":{\"@id\":\"https:\\\/\\\/bikefit.lu\\\/wp-content\\\/uploads\\\/2024\\\/12\\\/cropped-bikefit-logoURL-RGB-jpg.jpg\"},\"sameAs\":[\"https:\\\/\\\/bikefit.lu\"],\"honorificPrefix\":\"Mr\",\"birthDate\":\"1966-11-18\",\"gender\":\"male\",\"knowsAbout\":[\"Bike-fitting\"],\"knowsLanguage\":[\"English\",\"French\",\"German\",\"Luxembourgish\"]}]}<\/script>\n<meta property=\"product:price:amount\" content=\"219.00\" \/>\n<meta property=\"product:price:currency\" content=\"EUR\" \/>\n<meta property=\"og:availability\" content=\"instock\" \/>\n<meta property=\"product:availability\" content=\"instock\" \/>\n<meta property=\"product:condition\" content=\"new\" \/>\n<!-- \/ Yoast SEO Premium plugin. -->","yoast_head_json":{"title":"BiSaddle Health+ - bikefit.lu","robots":{"index":"index","follow":"follow","max-snippet":"max-snippet:-1","max-image-preview":"max-image-preview:large","max-video-preview":"max-video-preview:-1"},"canonical":"https:\/\/bikefit.lu\/lb-lu\/product\/bisaddle-health\/","og_locale":"en_US","og_type":"article","og_title":"BiSaddle Health+","og_description":"Haapteegenschaften:  Fir Leit mat gr\u00e9issere Gesondheetsproblemer  Breetste verstellbare V\u00eblosuedel um March\u00e9  Ergonomescht Design fir \u00c4r S\u00ebtzknachen  Keen Drock am Perineumber\u00e4ich \u2013 dat heescht: ni m\u00e9i daaft Gefill an de Genitalien!  Reduz\u00e9iert Belaaschtung fir den \u00ebnneschte R\u00e9ck, d\u2019H\u00ebften an d\u2019Kn\u00e9ien  Eenzegaartegt \u201enoseless\u201c-Design \u00ebnnerst\u00ebtzt d'S\u00ebtzknachen a verbessert d\u2019Leeschtung duerch eng besser Blutzirkulatioun an de Been!  Fir eng oprecht S\u00ebtzpositioun entw\u00e9ckelt Virdeeler  Sortien ouni P\u00e9ng  Hir Suedelen elimin\u00e9iere P\u00e9ng, erh\u00e9ijen de Confort a beuge genital Verletzunge vir  H\u00eblleft Iech m\u00e9i w\u00e4it a m\u00e9i s\u00e9ier ze fueren Eegenschaften  BiSaddle ass den eenzege verstellbare Suedel op der Welt (patent\u00e9iert) (PATENT\u00c9IERT)  Den Design mat getrennten Uewerfl\u00e4chen erlaabt Iech Breet, W\u00e9nkel a Profil un \u00c4r Anatomie unzepassen  Wann \u00c4re Fuerstil oder \u00c4re Kierper sech \u00e4nnert, k\u00ebnnt Dir einfach nei upassen fir de beschte Confort  All Deeler sinn ersetzbar, sou datt Bisaddle dee leschte Suedel ass, deen Dir br\u00e4ucht.","og_url":"https:\/\/bikefit.lu\/lb-lu\/product\/bisaddle-health\/","og_site_name":"bikefit.lu","og_image":[{"width":1536,"height":1024,"url":"https:\/\/bikefit.lu\/wp-content\/uploads\/2026\/01\/right-profile.png","type":"image\/png"}],"twitter_card":"summary_large_image","twitter_misc":{"Price":"219,00&nbsp;&euro;","Availability":"In stock"},"schema":{"@context":"https:\/\/schema.org","@graph":[{"@type":"WebPage","@id":"https:\/\/bikefit.lu\/lb-lu\/product\/bisaddle-health\/","url":"https:\/\/bikefit.lu\/lb-lu\/product\/bisaddle-health\/","name":"BiSaddle Health+ - bikefit.lu","isPartOf":{"@id":"https:\/\/bikefit.lu\/lb-lu\/#website"},"primaryImageOfPage":{"@id":"https:\/\/bikefit.lu\/lb-lu\/product\/bisaddle-health\/#primaryimage"},"image":{"@id":"https:\/\/bikefit.lu\/lb-lu\/product\/bisaddle-health\/#primaryimage"},"thumbnailUrl":"https:\/\/bikefit.lu\/wp-content\/uploads\/2026\/01\/right-profile.png","datePublished":"2026-01-30T08:14:33+00:00","breadcrumb":{"@id":"https:\/\/bikefit.lu\/lb-lu\/product\/bisaddle-health\/#breadcrumb"},"inLanguage":"lb-LU","potentialAction":[{"@type":"ReadAction","target":["https:\/\/bikefit.lu\/lb-lu\/product\/bisaddle-health\/"]}]},{"@type":"ImageObject","inLanguage":"lb-LU","@id":"https:\/\/bikefit.lu\/lb-lu\/product\/bisaddle-health\/#primaryimage","url":"https:\/\/bikefit.lu\/wp-content\/uploads\/2026\/01\/right-profile.png","contentUrl":"https:\/\/bikefit.lu\/wp-content\/uploads\/2026\/01\/right-profile.png","width":1536,"height":1024},{"@type":"BreadcrumbList","@id":"https:\/\/bikefit.lu\/lb-lu\/product\/bisaddle-health\/#breadcrumb","itemListElement":[{"@type":"ListItem","position":1,"name":"Home","item":"https:\/\/bikefit.lu\/lb-lu\/"},{"@type":"ListItem","position":2,"name":"Products","item":"https:\/\/bikefit.lu\/lb-lu\/shop\/"},{"@type":"ListItem","position":3,"name":"BiSaddle Health+"}]},{"@type":"WebSite","@id":"https:\/\/bikefit.lu\/lb-lu\/#website","url":"https:\/\/bikefit.lu\/lb-lu\/","name":"bikefit.lu","description":"IMPROVING CYCLING","publisher":{"@id":"https:\/\/bikefit.lu\/lb-lu\/#\/schema\/person\/379af1263474d2f8cd1f41c2bd90273d"},"potentialAction":[{"@type":"SearchAction","target":{"@type":"EntryPoint","urlTemplate":"https:\/\/bikefit.lu\/lb-lu\/?s={search_term_string}"},"query-input":{"@type":"PropertyValueSpecification","valueRequired":true,"valueName":"search_term_string"}}],"inLanguage":"lb-LU"},{"@type":["Person","Organization"],"@id":"https:\/\/bikefit.lu\/lb-lu\/#\/schema\/person\/379af1263474d2f8cd1f41c2bd90273d","name":"Patrick Guillaume","image":{"@type":"ImageObject","inLanguage":"lb-LU","@id":"https:\/\/bikefit.lu\/wp-content\/uploads\/2024\/12\/cropped-bikefit-logoURL-RGB-jpg.jpg","url":"https:\/\/bikefit.lu\/wp-content\/uploads\/2024\/12\/cropped-bikefit-logoURL-RGB-jpg.jpg","contentUrl":"https:\/\/bikefit.lu\/wp-content\/uploads\/2024\/12\/cropped-bikefit-logoURL-RGB-jpg.jpg","width":512,"height":512,"caption":"Patrick Guillaume"},"logo":{"@id":"https:\/\/bikefit.lu\/wp-content\/uploads\/2024\/12\/cropped-bikefit-logoURL-RGB-jpg.jpg"},"sameAs":["https:\/\/bikefit.lu"],"honorificPrefix":"Mr","birthDate":"1966-11-18","gender":"male","knowsAbout":["Bike-fitting"],"knowsLanguage":["English","French","German","Luxembourgish"]}]},"product_price_amount":"219.00","product_price_currency":"EUR","og_availability":"instock","product_availability":"instock","product_condition":"new"},"_links":{"self":[{"href":"https:\/\/bikefit.lu\/lb-lu\/wp-json\/wp\/v2\/product\/98628","targetHints":{"allow":["GET"]}}],"collection":[{"href":"https:\/\/bikefit.lu\/lb-lu\/wp-json\/wp\/v2\/product"}],"about":[{"href":"https:\/\/bikefit.lu\/lb-lu\/wp-json\/wp\/v2\/types\/product"}],"replies":[{"embeddable":true,"href":"https:\/\/bikefit.lu\/lb-lu\/wp-json\/wp\/v2\/comments?post=98628"}],"version-history":[{"count":0,"href":"https:\/\/bikefit.lu\/lb-lu\/wp-json\/wp\/v2\/product\/98628\/revisions"}],"wp:featuredmedia":[{"embeddable":true,"href":"https:\/\/bikefit.lu\/lb-lu\/wp-json\/wp\/v2\/media\/98602"}],"wp:attachment":[{"href":"https:\/\/bikefit.lu\/lb-lu\/wp-json\/wp\/v2\/media?parent=98628"}],"wp:term":[{"taxonomy":"product_brand","embeddable":true,"href":"https:\/\/bikefit.lu\/lb-lu\/wp-json\/wp\/v2\/product_brand?post=98628"},{"taxonomy":"product_cat","embeddable":true,"href":"https:\/\/bikefit.lu\/lb-lu\/wp-json\/wp\/v2\/product_cat?post=98628"},{"taxonomy":"product_tag","embeddable":true,"href":"https:\/\/bikefit.lu\/lb-lu\/wp-json\/wp\/v2\/product_tag?post=98628"}],"curies":[{"name":"wp","href":"https:\/\/api.w.org\/{rel}","templated":true}]}}