{"id":99427,"date":"2026-03-29T08:45:57","date_gmt":"2026-03-29T06:45:57","guid":{"rendered":"https:\/\/bikefit.lu\/product\/cx178-white-black\/"},"modified":"2026-03-29T08:45:57","modified_gmt":"2026-03-29T06:45:57","slug":"cx178-white-black","status":"publish","type":"product","link":"https:\/\/bikefit.lu\/lb-lu\/product\/cx178-white-black\/","title":{"rendered":"CX178 White\/Black"},"content":{"rendered":"<p><strong>Form<\/strong>: <a href=\"https:\/\/www.lakecycling.com\/pages\/shoe-lasts\" target=\"_blank\" rel=\"noopener noreferrer nofollow\">Sport Comfort Last<\/a> \u2013 Nei entw\u00e9ckelt mat enger m\u00e9i breeder Z\u00e9iwebox an enger stabiller Plattform am Virfoussber\u00e4ich. De Sport Comfort Last f\u00ebrdert d\u00e9i natierlech Ausbreedung vun den Z\u00e9iwen, verbessert d\u2019Ausriichtung a reduz\u00e9iert Drockpunkten, ouni d\u2019Effizienz beim Pedall\u00e9ieren ze beaflossen.<\/p>\n<p><strong>Uewermaterial<\/strong>: D&#8217;Uewermaterial vum CX178 ass aus robustem, dehnungs-resistentem Mikrofaser gemaach a mat pr\u00e4zis agearbechte Bel\u00ebftungs\u00ebffnungen am Virfouss- a M\u00ebttelfoussber\u00e4ich equip\u00e9iert. D\u00ebs \u00cbffnunge verbesseren d\u2019Loftzirkulatioun an d\u2019Fiichtegkeetsregulatioun, ouni d&#8217;Struktur ze schw\u00e4chen. D\u00e9i anatomesch Form vum Uewermaterial passt perfekt zur nei entw\u00e9ckelter Z\u00e9iwebox, reduz\u00e9iert Drock op de Virfouss a l\u00e9isst den Z\u00e9iwen \u00ebnner Belaaschtung m\u00e9i natierlech Plaz. Dat verbessert de Confort, w\u00e4rend de Schong gl\u00e4ichz\u00e4iteg e s\u00e9cheren a performante S\u00ebtz beh\u00e4lt.   <\/p>\n<p><strong>B\u00e4ussesuel<\/strong>: 60K force Nylon Composite Suel. Eng steif a liicht Nylon-Composite-Suel suergt fir eng effizient Kraaftiwwerdroung, mat genuch kontroll\u00e9ierter Flexibilit\u00e9it fir Confort de ganzen Dag iwwer. D\u2019B\u00e4ussesuel bitt 9 mm Verstellm\u00e9iglechkeet vun der Kalle-Positioun vu vir no hanne souw\u00e9i eng verl\u00e4ngert Positioun am M\u00ebttelfoussber\u00e4ich, fir d\u2019Kalle-Positioun pr\u00e4zis unzepassen an esou biomechanesch Effizienz ze verbesseren an d\u2019Belaaschtung ze reduz\u00e9ieren. Vergr\u00e9issert Bel\u00ebftungskan\u00e4l an der Suel verbesseren d\u2019Loftzirkulatioun, w\u00e4rend grouss Tr\u00ebttfl\u00e4chen un der Feescht an un der Sp\u00ebtzt fir m\u00e9i Gr\u00ebff a m\u00e9i Haltbarkeet beim Tr\u00ebppelen nieft dem V\u00eblo suergen.   <\/p>\n<p>Verschloss: BOA\u00ae Fit System L6 Dial. Den L6-Dial erm\u00e9iglecht eng s\u00e9ier a fein dos\u00e9ierbar Upassung vum Drock am M\u00ebttelfoussber\u00e4ich. De System garant\u00e9iert eng gl\u00e4ichm\u00e9isseg Drockverdeelung an e s\u00e9iert Un- an Ausdoen, bei gl\u00e4ichz\u00e4iteg nidderegem Gewiicht. A Kombinatioun mam \u00ebnnerst\u00ebtzenden Uewermaterial -Design suergt d\u00ebse Verschloss fir e s\u00e9cheren, bal h\u00e4ndchen\u00e4hnleche S\u00ebtz.   <\/p>\n<p><strong>Gr\u00e9issten:<\/strong> Regular 36-50, Wide 39- 50<\/p>\n<p>Fir Iech ze h\u00ebllefen d\u00e9i richteg Gr\u00e9isst ze fannen, gitt op <a href=\"https:\/\/lakecycling.com\/pages\/sizing-charts\" target=\"_blank\" rel=\"noopener noreferrer\">d\u00ebs S\u00e4it<\/a> oder kontakt\u00e9iert mech.<\/p>\n","protected":false},"excerpt":{"rendered":"<p>De komplett neien CX178 bitt modern Leeschtung mat engem kloere Fokus op anatomesch Effizienz an deegleche Confort. Opgebaut op engem nei entw\u00e9ckelte Form mat enger m\u00e9i breeder Z\u00e9iwebox, \u00ebnnerst\u00ebtzt en d\u00e9i natierlech Ausbreedung vun den Z\u00e9iwen a reduz\u00e9iert Drock, fir m\u00e9i Stabilit\u00e9it, eng besser Ausriichtung an h\u00e9ije Confort och op laange Strecken. A Kombinatioun mat der bew\u00e4erter Nylon-Composite-Suel vu Lake an engem liichte Mikrofaser- Uewermaterial bitt den CX178 eng gutt Balance t\u00ebscht Upassbarkeet, Ootmungsaktivit\u00e9it a Robustheet \u2013 a m\u00e9cht en zu enger vills\u00e4iteger Optioun fir b\u00e9id, Fr\u00e4iz\u00e4it- a sportlech ambiti\u00e9is Cyclisten.  <\/p>\n","protected":false},"featured_media":99422,"comment_status":"open","ping_status":"closed","template":"","meta":[],"product_brand":[],"product_cat":[5877,4910,4915],"product_tag":[4932,5878,5058,5126,5181,5180],"class_list":{"0":"post-99427","1":"product","2":"type-product","3":"status-publish","4":"has-post-thumbnail","6":"product_cat-cx178","7":"product_cat-lake-shoes-lb-lu","8":"product_cat-strooss","9":"product_tag-3-hole-lb-lu","10":"product_tag-cx178","11":"product_tag-lake-cycling-lb-lu","12":"product_tag-road-lb-lu","13":"product_tag-triathlon-lb-lu","14":"product_tag-ultra-cycling-lb-lu","15":"product_shipping_class-large-items-lb-lu","16":"pa_size-36-lb-lu","17":"pa_size-37-lb-lu-2","18":"pa_size-38-lb-lu","19":"pa_size-39-lb-lu-2","20":"pa_size-40-lb-lu-2","21":"pa_size-41-lb-lu","22":"pa_size-42-lb-lu","23":"pa_size-43-lb-lu-2","24":"pa_size-44-lb-lu","25":"pa_size-45-lb-lu","26":"pa_size-46-lb-lu","27":"pa_size-47-lb-lu","28":"pa_size-48-lb-lu","29":"pa_size-49-lb-lu","30":"pa_size-50-lb-lu","31":"pa_width-regular-lb-lu","32":"pa_width-wide-lb-lu-2","34":"first","35":"instock","36":"taxable","37":"shipping-taxable","38":"purchasable","39":"product-type-variable"},"yoast_head":"<!-- This site is optimized with the Yoast SEO Premium plugin v27.3 (Yoast SEO v27.3) - https:\/\/yoast.com\/product\/yoast-seo-premium-wordpress\/ -->\n<title>CX178 White\/Black - bikefit.lu<\/title>\n<meta name=\"robots\" content=\"index, follow, max-snippet:-1, max-image-preview:large, max-video-preview:-1\" \/>\n<link rel=\"canonical\" href=\"https:\/\/bikefit.lu\/lb-lu\/product\/cx178-white-black\/\" \/>\n<meta property=\"og:locale\" content=\"en_US\" \/>\n<meta property=\"og:type\" content=\"article\" \/>\n<meta property=\"og:title\" content=\"CX178 White\/Black\" \/>\n<meta property=\"og:description\" content=\"De komplett neien CX178 bitt modern Leeschtung mat engem kloere Fokus op anatomesch Effizienz an deegleche Confort. Opgebaut op engem nei entw\u00e9ckelte Form mat enger m\u00e9i breeder Z\u00e9iwebox, \u00ebnnerst\u00ebtzt en d\u00e9i natierlech Ausbreedung vun den Z\u00e9iwen a reduz\u00e9iert Drock, fir m\u00e9i Stabilit\u00e9it, eng besser Ausriichtung an h\u00e9ije Confort och op laange Strecken. A Kombinatioun mat der bew\u00e4erter Nylon-Composite-Suel vu Lake an engem liichte Mikrofaser- Uewermaterial bitt den CX178 eng gutt Balance t\u00ebscht Upassbarkeet, Ootmungsaktivit\u00e9it a Robustheet \u2013 a m\u00e9cht en zu enger vills\u00e4iteger Optioun fir b\u00e9id, Fr\u00e4iz\u00e4it- a sportlech ambiti\u00e9is Cyclisten.\" \/>\n<meta property=\"og:url\" content=\"https:\/\/bikefit.lu\/lb-lu\/product\/cx178-white-black\/\" \/>\n<meta property=\"og:site_name\" content=\"bikefit.lu\" \/>\n<meta property=\"og:image\" content=\"https:\/\/bikefit.lu\/wp-content\/uploads\/2026\/03\/CX178-WHITE-BLACK-FRNT.webp\" \/>\n\t<meta property=\"og:image:width\" content=\"1000\" \/>\n\t<meta property=\"og:image:height\" content=\"742\" \/>\n\t<meta property=\"og:image:type\" content=\"image\/webp\" \/>\n<meta name=\"twitter:card\" content=\"summary_large_image\" \/>\n<meta name=\"twitter:label1\" content=\"Availability\" \/>\n\t<meta name=\"twitter:data1\" content=\"In stock\" \/>\n<script type=\"application\/ld+json\" class=\"yoast-schema-graph\">{\"@context\":\"https:\\\/\\\/schema.org\",\"@graph\":[{\"@type\":\"WebPage\",\"@id\":\"https:\\\/\\\/bikefit.lu\\\/lb-lu\\\/product\\\/cx178-white-black\\\/\",\"url\":\"https:\\\/\\\/bikefit.lu\\\/lb-lu\\\/product\\\/cx178-white-black\\\/\",\"name\":\"CX178 White\\\/Black - bikefit.lu\",\"isPartOf\":{\"@id\":\"https:\\\/\\\/bikefit.lu\\\/lb-lu\\\/#website\"},\"primaryImageOfPage\":{\"@id\":\"https:\\\/\\\/bikefit.lu\\\/lb-lu\\\/product\\\/cx178-white-black\\\/#primaryimage\"},\"image\":{\"@id\":\"https:\\\/\\\/bikefit.lu\\\/lb-lu\\\/product\\\/cx178-white-black\\\/#primaryimage\"},\"thumbnailUrl\":\"https:\\\/\\\/bikefit.lu\\\/wp-content\\\/uploads\\\/2026\\\/03\\\/CX178-WHITE-BLACK-FRNT.webp\",\"datePublished\":\"2026-03-29T06:45:57+00:00\",\"breadcrumb\":{\"@id\":\"https:\\\/\\\/bikefit.lu\\\/lb-lu\\\/product\\\/cx178-white-black\\\/#breadcrumb\"},\"inLanguage\":\"lb-LU\",\"potentialAction\":[{\"@type\":\"ReadAction\",\"target\":[\"https:\\\/\\\/bikefit.lu\\\/lb-lu\\\/product\\\/cx178-white-black\\\/\"]}]},{\"@type\":\"ImageObject\",\"inLanguage\":\"lb-LU\",\"@id\":\"https:\\\/\\\/bikefit.lu\\\/lb-lu\\\/product\\\/cx178-white-black\\\/#primaryimage\",\"url\":\"https:\\\/\\\/bikefit.lu\\\/wp-content\\\/uploads\\\/2026\\\/03\\\/CX178-WHITE-BLACK-FRNT.webp\",\"contentUrl\":\"https:\\\/\\\/bikefit.lu\\\/wp-content\\\/uploads\\\/2026\\\/03\\\/CX178-WHITE-BLACK-FRNT.webp\",\"width\":1000,\"height\":742},{\"@type\":\"BreadcrumbList\",\"@id\":\"https:\\\/\\\/bikefit.lu\\\/lb-lu\\\/product\\\/cx178-white-black\\\/#breadcrumb\",\"itemListElement\":[{\"@type\":\"ListItem\",\"position\":1,\"name\":\"Home\",\"item\":\"https:\\\/\\\/bikefit.lu\\\/lb-lu\\\/\"},{\"@type\":\"ListItem\",\"position\":2,\"name\":\"Products\",\"item\":\"https:\\\/\\\/bikefit.lu\\\/lb-lu\\\/shop\\\/\"},{\"@type\":\"ListItem\",\"position\":3,\"name\":\"CX178 White\\\/Black\"}]},{\"@type\":\"WebSite\",\"@id\":\"https:\\\/\\\/bikefit.lu\\\/lb-lu\\\/#website\",\"url\":\"https:\\\/\\\/bikefit.lu\\\/lb-lu\\\/\",\"name\":\"bikefit.lu\",\"description\":\"IMPROVING CYCLING\",\"publisher\":{\"@id\":\"https:\\\/\\\/bikefit.lu\\\/lb-lu\\\/#\\\/schema\\\/person\\\/379af1263474d2f8cd1f41c2bd90273d\"},\"potentialAction\":[{\"@type\":\"SearchAction\",\"target\":{\"@type\":\"EntryPoint\",\"urlTemplate\":\"https:\\\/\\\/bikefit.lu\\\/lb-lu\\\/?s={search_term_string}\"},\"query-input\":{\"@type\":\"PropertyValueSpecification\",\"valueRequired\":true,\"valueName\":\"search_term_string\"}}],\"inLanguage\":\"lb-LU\"},{\"@type\":[\"Person\",\"Organization\"],\"@id\":\"https:\\\/\\\/bikefit.lu\\\/lb-lu\\\/#\\\/schema\\\/person\\\/379af1263474d2f8cd1f41c2bd90273d\",\"name\":\"Patrick Guillaume\",\"image\":{\"@type\":\"ImageObject\",\"inLanguage\":\"lb-LU\",\"@id\":\"https:\\\/\\\/bikefit.lu\\\/wp-content\\\/uploads\\\/2024\\\/12\\\/cropped-bikefit-logoURL-RGB-jpg.jpg\",\"url\":\"https:\\\/\\\/bikefit.lu\\\/wp-content\\\/uploads\\\/2024\\\/12\\\/cropped-bikefit-logoURL-RGB-jpg.jpg\",\"contentUrl\":\"https:\\\/\\\/bikefit.lu\\\/wp-content\\\/uploads\\\/2024\\\/12\\\/cropped-bikefit-logoURL-RGB-jpg.jpg\",\"width\":512,\"height\":512,\"caption\":\"Patrick Guillaume\"},\"logo\":{\"@id\":\"https:\\\/\\\/bikefit.lu\\\/wp-content\\\/uploads\\\/2024\\\/12\\\/cropped-bikefit-logoURL-RGB-jpg.jpg\"},\"sameAs\":[\"https:\\\/\\\/bikefit.lu\"],\"honorificPrefix\":\"Mr\",\"birthDate\":\"1966-11-18\",\"gender\":\"male\",\"knowsAbout\":[\"Bike-fitting\"],\"knowsLanguage\":[\"English\",\"French\",\"German\",\"Luxembourgish\"]}]}<\/script>\n<meta property=\"og:availability\" content=\"instock\" \/>\n<meta property=\"product:availability\" content=\"instock\" \/>\n<meta property=\"product:condition\" content=\"new\" \/>\n<!-- \/ Yoast SEO Premium plugin. -->","yoast_head_json":{"title":"CX178 White\/Black - bikefit.lu","robots":{"index":"index","follow":"follow","max-snippet":"max-snippet:-1","max-image-preview":"max-image-preview:large","max-video-preview":"max-video-preview:-1"},"canonical":"https:\/\/bikefit.lu\/lb-lu\/product\/cx178-white-black\/","og_locale":"en_US","og_type":"article","og_title":"CX178 White\/Black","og_description":"De komplett neien CX178 bitt modern Leeschtung mat engem kloere Fokus op anatomesch Effizienz an deegleche Confort. Opgebaut op engem nei entw\u00e9ckelte Form mat enger m\u00e9i breeder Z\u00e9iwebox, \u00ebnnerst\u00ebtzt en d\u00e9i natierlech Ausbreedung vun den Z\u00e9iwen a reduz\u00e9iert Drock, fir m\u00e9i Stabilit\u00e9it, eng besser Ausriichtung an h\u00e9ije Confort och op laange Strecken. A Kombinatioun mat der bew\u00e4erter Nylon-Composite-Suel vu Lake an engem liichte Mikrofaser- Uewermaterial bitt den CX178 eng gutt Balance t\u00ebscht Upassbarkeet, Ootmungsaktivit\u00e9it a Robustheet \u2013 a m\u00e9cht en zu enger vills\u00e4iteger Optioun fir b\u00e9id, Fr\u00e4iz\u00e4it- a sportlech ambiti\u00e9is Cyclisten.","og_url":"https:\/\/bikefit.lu\/lb-lu\/product\/cx178-white-black\/","og_site_name":"bikefit.lu","og_image":[{"width":1000,"height":742,"url":"https:\/\/bikefit.lu\/wp-content\/uploads\/2026\/03\/CX178-WHITE-BLACK-FRNT.webp","type":"image\/webp"}],"twitter_card":"summary_large_image","twitter_misc":{"Availability":"In stock"},"schema":{"@context":"https:\/\/schema.org","@graph":[{"@type":"WebPage","@id":"https:\/\/bikefit.lu\/lb-lu\/product\/cx178-white-black\/","url":"https:\/\/bikefit.lu\/lb-lu\/product\/cx178-white-black\/","name":"CX178 White\/Black - bikefit.lu","isPartOf":{"@id":"https:\/\/bikefit.lu\/lb-lu\/#website"},"primaryImageOfPage":{"@id":"https:\/\/bikefit.lu\/lb-lu\/product\/cx178-white-black\/#primaryimage"},"image":{"@id":"https:\/\/bikefit.lu\/lb-lu\/product\/cx178-white-black\/#primaryimage"},"thumbnailUrl":"https:\/\/bikefit.lu\/wp-content\/uploads\/2026\/03\/CX178-WHITE-BLACK-FRNT.webp","datePublished":"2026-03-29T06:45:57+00:00","breadcrumb":{"@id":"https:\/\/bikefit.lu\/lb-lu\/product\/cx178-white-black\/#breadcrumb"},"inLanguage":"lb-LU","potentialAction":[{"@type":"ReadAction","target":["https:\/\/bikefit.lu\/lb-lu\/product\/cx178-white-black\/"]}]},{"@type":"ImageObject","inLanguage":"lb-LU","@id":"https:\/\/bikefit.lu\/lb-lu\/product\/cx178-white-black\/#primaryimage","url":"https:\/\/bikefit.lu\/wp-content\/uploads\/2026\/03\/CX178-WHITE-BLACK-FRNT.webp","contentUrl":"https:\/\/bikefit.lu\/wp-content\/uploads\/2026\/03\/CX178-WHITE-BLACK-FRNT.webp","width":1000,"height":742},{"@type":"BreadcrumbList","@id":"https:\/\/bikefit.lu\/lb-lu\/product\/cx178-white-black\/#breadcrumb","itemListElement":[{"@type":"ListItem","position":1,"name":"Home","item":"https:\/\/bikefit.lu\/lb-lu\/"},{"@type":"ListItem","position":2,"name":"Products","item":"https:\/\/bikefit.lu\/lb-lu\/shop\/"},{"@type":"ListItem","position":3,"name":"CX178 White\/Black"}]},{"@type":"WebSite","@id":"https:\/\/bikefit.lu\/lb-lu\/#website","url":"https:\/\/bikefit.lu\/lb-lu\/","name":"bikefit.lu","description":"IMPROVING CYCLING","publisher":{"@id":"https:\/\/bikefit.lu\/lb-lu\/#\/schema\/person\/379af1263474d2f8cd1f41c2bd90273d"},"potentialAction":[{"@type":"SearchAction","target":{"@type":"EntryPoint","urlTemplate":"https:\/\/bikefit.lu\/lb-lu\/?s={search_term_string}"},"query-input":{"@type":"PropertyValueSpecification","valueRequired":true,"valueName":"search_term_string"}}],"inLanguage":"lb-LU"},{"@type":["Person","Organization"],"@id":"https:\/\/bikefit.lu\/lb-lu\/#\/schema\/person\/379af1263474d2f8cd1f41c2bd90273d","name":"Patrick Guillaume","image":{"@type":"ImageObject","inLanguage":"lb-LU","@id":"https:\/\/bikefit.lu\/wp-content\/uploads\/2024\/12\/cropped-bikefit-logoURL-RGB-jpg.jpg","url":"https:\/\/bikefit.lu\/wp-content\/uploads\/2024\/12\/cropped-bikefit-logoURL-RGB-jpg.jpg","contentUrl":"https:\/\/bikefit.lu\/wp-content\/uploads\/2024\/12\/cropped-bikefit-logoURL-RGB-jpg.jpg","width":512,"height":512,"caption":"Patrick Guillaume"},"logo":{"@id":"https:\/\/bikefit.lu\/wp-content\/uploads\/2024\/12\/cropped-bikefit-logoURL-RGB-jpg.jpg"},"sameAs":["https:\/\/bikefit.lu"],"honorificPrefix":"Mr","birthDate":"1966-11-18","gender":"male","knowsAbout":["Bike-fitting"],"knowsLanguage":["English","French","German","Luxembourgish"]}]},"og_availability":"instock","product_availability":"instock","product_condition":"new"},"_links":{"self":[{"href":"https:\/\/bikefit.lu\/lb-lu\/wp-json\/wp\/v2\/product\/99427","targetHints":{"allow":["GET"]}}],"collection":[{"href":"https:\/\/bikefit.lu\/lb-lu\/wp-json\/wp\/v2\/product"}],"about":[{"href":"https:\/\/bikefit.lu\/lb-lu\/wp-json\/wp\/v2\/types\/product"}],"replies":[{"embeddable":true,"href":"https:\/\/bikefit.lu\/lb-lu\/wp-json\/wp\/v2\/comments?post=99427"}],"version-history":[{"count":0,"href":"https:\/\/bikefit.lu\/lb-lu\/wp-json\/wp\/v2\/product\/99427\/revisions"}],"wp:featuredmedia":[{"embeddable":true,"href":"https:\/\/bikefit.lu\/lb-lu\/wp-json\/wp\/v2\/media\/99422"}],"wp:attachment":[{"href":"https:\/\/bikefit.lu\/lb-lu\/wp-json\/wp\/v2\/media?parent=99427"}],"wp:term":[{"taxonomy":"product_brand","embeddable":true,"href":"https:\/\/bikefit.lu\/lb-lu\/wp-json\/wp\/v2\/product_brand?post=99427"},{"taxonomy":"product_cat","embeddable":true,"href":"https:\/\/bikefit.lu\/lb-lu\/wp-json\/wp\/v2\/product_cat?post=99427"},{"taxonomy":"product_tag","embeddable":true,"href":"https:\/\/bikefit.lu\/lb-lu\/wp-json\/wp\/v2\/product_tag?post=99427"}],"curies":[{"name":"wp","href":"https:\/\/api.w.org\/{rel}","templated":true}]}}